{"id":69,"date":"2024-09-03T14:03:11","date_gmt":"2024-09-03T14:03:11","guid":{"rendered":"https:\/\/topbemanning.no\/?page_id=69"},"modified":"2024-09-25T20:48:40","modified_gmt":"2024-09-25T20:48:40","slug":"for-kandidater-ledige-stillinger","status":"publish","type":"page","link":"https:\/\/topbemanning.no\/index.php\/for-kandidater-ledige-stillinger\/","title":{"rendered":"For kandidater \/ ledige stillinger"},"content":{"rendered":"\n<figure class=\"wp-block-image size-large is-style-rounded is-style-rounded--1\"><img loading=\"lazy\" decoding=\"async\" width=\"1024\" height=\"334\" src=\"https:\/\/topbemanning.no\/wp-content\/uploads\/2024\/09\/fc26c984-2af0-4390-8726-6ab4fbf60b5f-1024x334.jpg\" alt=\"\" class=\"wp-image-167\" srcset=\"https:\/\/topbemanning.no\/wp-content\/uploads\/2024\/09\/fc26c984-2af0-4390-8726-6ab4fbf60b5f-1024x334.jpg 1024w, https:\/\/topbemanning.no\/wp-content\/uploads\/2024\/09\/fc26c984-2af0-4390-8726-6ab4fbf60b5f-300x98.jpg 300w, https:\/\/topbemanning.no\/wp-content\/uploads\/2024\/09\/fc26c984-2af0-4390-8726-6ab4fbf60b5f-768x250.jpg 768w, https:\/\/topbemanning.no\/wp-content\/uploads\/2024\/09\/fc26c984-2af0-4390-8726-6ab4fbf60b5f.jpg 1206w\" sizes=\"auto, (max-width: 1024px) 100vw, 1024px\" \/><\/figure>\n\n\n\n<p>Hei, supertalent! S\u00e5 g\u00f8y at du viser interesse for v\u00e5re ledige stillinger! Hos Topbemanning er vi ikke et helt vanlig bemannings- og rekrutteringsbyr\u00e5, men s\u00e5 er du heller ikke en typisk arbeidss\u00f8ker, ikke sant? Det er akkurat slik vi liker det! Vi er alltid p\u00e5 jakt etter unike individer med ekte, spennende og interessante talenter. Med utgangspunkt i dine \u00f8nsker, behov og kompetanse, finner vi stillingen som passer perfekt for deg.<\/p>\n\n\n\n<p>Ta gjerne en titt p\u00e5 v\u00e5re ledige stillinger og s\u00f8k p\u00e5 den jobben som tiltaler deg mest. Hvis vi ser at du er en god match, vil vi raskt ta kontakt med deg med et jobbtilbud eller kanskje noen andre spennende muligheter.<\/p>\n\n\n\n<div class=\"wp-block-buttons is-layout-flex wp-block-buttons-is-layout-flex\">\n<div class=\"wp-block-button\"><a class=\"wp-block-button__link wp-element-button\" href=\"https:\/\/topbemanning.no\/index.php\/stillinger\/\">Se Ledige stillinger<\/a><\/div>\n\n\n\n<div class=\"wp-block-button\"><a class=\"wp-block-button__link wp-element-button\" href=\"mailto:mail@topbemanning.no\">Send oss en s\u00f8knad<\/a><\/div>\n<\/div>\n\n\n\n<div style=\"height:40px\" aria-hidden=\"true\" class=\"wp-block-spacer\"><\/div>\n\n\n\n<p><strong>VELKOMMEN TIL JOBBJAKTEN<\/strong><\/p>\n\n\n\n<p>Er du p\u00e5 jakt etter en ny jobb, men usikker p\u00e5 hvor du skal begynne? Du er ikke alene! Vi har samlet all n\u00f8dvendig innsikt for \u00e5 hjelpe deg med \u00e5 lykkes i jobbjakten. Enten du er i starten av karrieren og trenger oppdaterte tips til hvordan du skriver en effektiv CV, har en ferdig CV, men trenger hjelp til \u00e5 f\u00e5 s\u00f8knaden til \u00e5 skille seg ut, eller ikke er helt sikker p\u00e5 hvordan du best forbereder deg til et jobbintervju, har vi ressursene du trenger.<\/p>\n\n\n\n<div style=\"height:40px\" aria-hidden=\"true\" class=\"wp-block-spacer\"><\/div>\n\n\n\n<p><strong>Hva \u00f8nsker jeg?<\/strong><\/p>\n\n\n\n<p>Vi er her for \u00e5 hjelpe deg med \u00e5 navigere arbeidsmarkedet slik at du kan lande dr\u00f8mmejobben. N\u00e5r vi forst\u00e5r dine m\u00e5l og \u00f8nsker, kan vi veilede deg mot riktig karrierevei. Vi rekrutterer til faste stillinger, prosjekter, og vikariater, samt matcher konsulenter med de rette arbeidsgiverne.<\/p>\n\n\n\n<p>V\u00e5rt motto er \u00abLife is now, work somewhere awesome\u00bb, men hvordan finner du den perfekte jobben hvis du ikke vet hva som passer for deg? Livet blir enklere n\u00e5r du kjenner dine naturlige styrker og omr\u00e5der som kan utvikles. Da blir det ogs\u00e5 lettere \u00e5 finne den jobben som er riktig for deg.<\/p>\n","protected":false},"excerpt":{"rendered":"<p>Hei, supertalent! S\u00e5 g\u00f8y at du viser interesse for v\u00e5re ledige stillinger! Hos Topbemanning er vi ikke et helt vanlig bemannings- og rekrutteringsbyr\u00e5, men s\u00e5 er du heller ikke en typisk arbeidss\u00f8ker, ikke sant? Det er akkurat slik vi liker det! Vi er alltid p\u00e5 jakt etter unike individer med ekte, spennende og interessante talenter. [&hellip;]<\/p>\n","protected":false},"author":1,"featured_media":0,"parent":0,"menu_order":0,"comment_status":"closed","ping_status":"closed","template":"","meta":{"footnotes":""},"class_list":["post-69","page","type-page","status-publish","hentry"],"_links":{"self":[{"href":"https:\/\/topbemanning.no\/index.php\/wp-json\/wp\/v2\/pages\/69","targetHints":{"allow":["GET"]}}],"collection":[{"href":"https:\/\/topbemanning.no\/index.php\/wp-json\/wp\/v2\/pages"}],"about":[{"href":"https:\/\/topbemanning.no\/index.php\/wp-json\/wp\/v2\/types\/page"}],"author":[{"embeddable":true,"href":"https:\/\/topbemanning.no\/index.php\/wp-json\/wp\/v2\/users\/1"}],"replies":[{"embeddable":true,"href":"https:\/\/topbemanning.no\/index.php\/wp-json\/wp\/v2\/comments?post=69"}],"version-history":[{"count":8,"href":"https:\/\/topbemanning.no\/index.php\/wp-json\/wp\/v2\/pages\/69\/revisions"}],"predecessor-version":[{"id":168,"href":"https:\/\/topbemanning.no\/index.php\/wp-json\/wp\/v2\/pages\/69\/revisions\/168"}],"wp:attachment":[{"href":"https:\/\/topbemanning.no\/index.php\/wp-json\/wp\/v2\/media?parent=69"}],"curies":[{"name":"wp","href":"https:\/\/api.w.org\/{rel}","templated":true}]}}