{"id":22,"date":"2024-05-20T09:50:50","date_gmt":"2024-05-20T09:50:50","guid":{"rendered":"https:\/\/topbemanning.no\/?page_id=22"},"modified":"2024-09-25T20:40:27","modified_gmt":"2024-09-25T20:40:27","slug":"bransjeomrader","status":"publish","type":"page","link":"https:\/\/topbemanning.no\/index.php\/bransjeomrader\/","title":{"rendered":"For bedrifter"},"content":{"rendered":"\n<figure class=\"wp-block-image size-full is-resized is-style-rounded is-style-rounded--1\"><img loading=\"lazy\" decoding=\"async\" width=\"862\" height=\"470\" src=\"https:\/\/topbemanning.no\/wp-content\/uploads\/2024\/09\/1eeef09a-b4f7-4baf-898f-5cab34a2fc12.jpg\" alt=\"\" class=\"wp-image-164\" style=\"width:604px;height:auto\" srcset=\"https:\/\/topbemanning.no\/wp-content\/uploads\/2024\/09\/1eeef09a-b4f7-4baf-898f-5cab34a2fc12.jpg 862w, https:\/\/topbemanning.no\/wp-content\/uploads\/2024\/09\/1eeef09a-b4f7-4baf-898f-5cab34a2fc12-300x164.jpg 300w, https:\/\/topbemanning.no\/wp-content\/uploads\/2024\/09\/1eeef09a-b4f7-4baf-898f-5cab34a2fc12-768x419.jpg 768w\" sizes=\"auto, (max-width: 862px) 100vw, 862px\" \/><\/figure>\n\n\n\n<h2 class=\"wp-block-heading\">Trenger du en ny medarbeider?<\/h2>\n\n\n\n<p>V\u00e5rt hovedfokus er \u00e5 tilrettelegge for dine behov. Vi jobber strategisk og systematisk for \u00e5 tiltrekke oss kandidater gjennom innsikt i kandidatmarkedet, forst\u00e5else av markedstrender, bruk av sosiale medier og m\u00e5lrettede markedsaktiviteter. Enten du har behov for en langvarig eller kortsiktig l\u00f8sning, kan vi finne den rette kandidaten for deg. Kontakt oss for \u00e5 diskutere dine kompetansebehov!<\/p>\n\n\n\n<div class=\"wp-block-buttons is-layout-flex wp-block-buttons-is-layout-flex\">\n<div class=\"wp-block-button\"><a class=\"wp-block-button__link wp-element-button\" href=\"mailto:mail@topbemanning.no\">Kontakt oss<\/a><\/div>\n<\/div>\n\n\n\n<div style=\"height:var(--wp--preset--spacing--30)\" aria-hidden=\"true\" class=\"wp-block-spacer\"><\/div>\n\n\n\n<h2 class=\"wp-block-heading\">Bransjeomr\u00e5der<\/h2>\n\n\n\n<ul class=\"wp-block-list\">\n<li><a href=\"https:\/\/topbemanning.no\/index.php\/hospitality\/\" data-type=\"page\" data-id=\"133\">Hospitality<\/a><\/li>\n\n\n\n<li><a href=\"https:\/\/topbemanning.no\/index.php\/lager-og-logistikk\/\" data-type=\"page\" data-id=\"136\">Lager og logistikk<\/a><\/li>\n\n\n\n<li><a href=\"https:\/\/topbemanning.no\/index.php\/bygg-og-anlegg\/\" data-type=\"page\" data-id=\"139\">Bygg- og anlegg<\/a><\/li>\n\n\n\n<li><a href=\"https:\/\/topbemanning.no\/index.php\/it-consulting\/\" data-type=\"page\" data-id=\"144\">IT consulting<\/a><\/li>\n<\/ul>\n\n\n\n<div style=\"height:var(--wp--preset--spacing--30)\" aria-hidden=\"true\" class=\"wp-block-spacer\"><\/div>\n\n\n\n<h2 class=\"wp-block-heading\">Er du p\u00e5 jakt etter kompetanse?<\/h2>\n\n\n\n<p>Enten du trenger en fast ansatt, en vikar eller en konsulent, kan vi hjelpe deg med \u00e5 finne den rette personen. Usikker p\u00e5 hva du trenger? Ta kontakt med oss for en uforpliktende samtale, s\u00e5 finner vi den beste l\u00f8sningen sammen.<\/p>\n\n\n\n<div style=\"height:var(--wp--preset--spacing--30)\" aria-hidden=\"true\" class=\"wp-block-spacer\"><\/div>\n\n\n\n<h2 class=\"wp-block-heading\">Bemanning etter dine behov<\/h2>\n\n\n\n<p>Har du midlertidig behov for ekstra arbeidskraft og kompetanse? Vi forst\u00e5r at bemanningsbehov kan variere. Derfor tilbyr vi skreddersydde l\u00f8sninger med ressurser fra ulike fagfelt, enten det gjelder vikariater, ferieavvikling, markedssvingninger, \u00f8kt oppdragsmengde eller organisasjonsendringer. Vi er her for \u00e5 st\u00f8tte deg med fleksibel bemanning etter dine behov.<\/p>\n\n\n\n<div style=\"height:var(--wp--preset--spacing--30)\" aria-hidden=\"true\" class=\"wp-block-spacer\"><\/div>\n\n\n\n<h2 class=\"wp-block-heading\">Rask, enkel og effektiv bemanningsprosess<\/h2>\n\n\n\n<p>Vi har utviklet et eget system for \u00e5 h\u00e5ndtere kandidater, oppdrag, kunder, prosjekter, timef\u00f8ring, annonsering, fakturering og oppf\u00f8lging, for \u00e5 nevne noe. Dette gj\u00f8r at vi kan raskt og effektivt g\u00e5 fra id\u00e9 til virkelighet. M\u00e5let v\u00e5rt er \u00e5 gj\u00f8re prosessen enkel for deg som kunde, slik at du f\u00e5r rask tilgang til de riktige talentene. I v\u00e5rt system, kan du enkelt f\u00e5 tilgang til og oversikt over anbefalte kandidater og deres profiler. V\u00e5r prosess frigir tid, slik at du kan fokusere p\u00e5 din kjernevirksomhet, mens vi tar oss av rekrutteringen. Vi tar ogs\u00e5 p\u00e5 oss risikoen ved \u00e5 ansette medarbeiderne hos oss.<\/p>\n\n\n\n<div style=\"height:var(--wp--preset--spacing--30)\" aria-hidden=\"true\" class=\"wp-block-spacer\"><\/div>\n\n\n\n<h2 class=\"wp-block-heading\">\u00d8ye for kompetanse<\/h2>\n\n\n\n<p>Ved \u00e5 bruke oss som bemanningsbyr\u00e5 f\u00e5r du en sparringspartner og r\u00e5dgiver p\u00e5 laget. Vi har lang erfaring med b\u00e5de bemanning og rekruttering, p\u00e5 b\u00e5de medarbeider- og lederniv\u00e5. t Som revidert arbeidsgiver gir vi deg trygghet og vi f\u00f8lger bransjens etiske retningslinjer n\u00f8ye.<\/p>\n\n\n\n<div style=\"height:var(--wp--preset--spacing--30)\" aria-hidden=\"true\" class=\"wp-block-spacer\"><\/div>\n\n\n\n<h2 class=\"wp-block-heading\">Fordeler ved \u00e5 benytte et bemanningsbyr\u00e5<\/h2>\n\n\n\n<p><strong>1. Bredt nettverk<\/strong><\/p>\n\n\n\n<p>Vi bygget opp en omfattende kandidatdatabase med kompetente og dyktige fagfolk, som vi jevnlig oppdaterer. Gjennom v\u00e5r database, s\u00f8k, markedsf\u00f8ring og stillingsannonser tiltrekker vi oss de rette kandidatene for dine behov, noe som gir oss muligheten til rask leveranse.<\/p>\n\n\n\n<p><strong>2. Redusert risiko<\/strong><\/p>\n\n\n\n<p>Endringer i Arbeidsmilj\u00f8loven i 2019 krever at norske arbeidstakere skal ha forutsigbare ansettelsesforhold. Dette betyr at alle arbeidstakere har rett til en fast stillingsprosent, noe som gir en mer forutsigbar arbeidshverdag for b\u00e5de arbeidstakere og arbeidsgivere. Som kunde hos oss inneb\u00e6rer dette at vi signerer kontrakt med aktuelle vikarer og leier dem ut til dere, med avtalt stillingsprosent tilpasset deres behov og de oppdrag dere tilbyr.<\/p>\n\n\n\n<p><strong>3. Kompetanse<\/strong><\/p>\n\n\n\n<p>V\u00e5re rekrutteringsr\u00e5dgivere har utdannelse innen sine spesifikke fagfelt, noe som gj\u00f8r at vi raskt kan identifisere kompetanse og erfaring. V\u00e5re sertifiserte r\u00e5dgivere bruker ofte personlighets- og evnetester som en del av intervjuprosessen for \u00e5 f\u00e5 et helhetlig bilde av kandidaten. Resultatene fra disse testene brukes som en del av prosessen, sammen med CV, s\u00f8knad, telefonintervju, intervju og eventuelle caser, for \u00e5 vurdere om kandidaten er en god match for din bedrift \u2013 og om din bedrift er en god match for kandidaten. Vi skreddersyr alltid l\u00f8sningen som passer best for deg!<\/p>\n\n\n\n<p>La oss gj\u00f8re det vi er best p\u00e5, slik at du kan fokusere p\u00e5 det som er viktigst for deg. Kontakt oss gjerne for en uforpliktende samtale.<\/p>\n","protected":false},"excerpt":{"rendered":"<p>Trenger du en ny medarbeider? V\u00e5rt hovedfokus er \u00e5 tilrettelegge for dine behov. Vi jobber strategisk og systematisk for \u00e5 tiltrekke oss kandidater gjennom innsikt i kandidatmarkedet, forst\u00e5else av markedstrender, bruk av sosiale medier og m\u00e5lrettede markedsaktiviteter. Enten du har behov for en langvarig eller kortsiktig l\u00f8sning, kan vi finne den rette kandidaten for deg. [&hellip;]<\/p>\n","protected":false},"author":1,"featured_media":0,"parent":0,"menu_order":0,"comment_status":"closed","ping_status":"closed","template":"","meta":{"footnotes":""},"class_list":["post-22","page","type-page","status-publish","hentry"],"_links":{"self":[{"href":"https:\/\/topbemanning.no\/index.php\/wp-json\/wp\/v2\/pages\/22","targetHints":{"allow":["GET"]}}],"collection":[{"href":"https:\/\/topbemanning.no\/index.php\/wp-json\/wp\/v2\/pages"}],"about":[{"href":"https:\/\/topbemanning.no\/index.php\/wp-json\/wp\/v2\/types\/page"}],"author":[{"embeddable":true,"href":"https:\/\/topbemanning.no\/index.php\/wp-json\/wp\/v2\/users\/1"}],"replies":[{"embeddable":true,"href":"https:\/\/topbemanning.no\/index.php\/wp-json\/wp\/v2\/comments?post=22"}],"version-history":[{"count":13,"href":"https:\/\/topbemanning.no\/index.php\/wp-json\/wp\/v2\/pages\/22\/revisions"}],"predecessor-version":[{"id":165,"href":"https:\/\/topbemanning.no\/index.php\/wp-json\/wp\/v2\/pages\/22\/revisions\/165"}],"wp:attachment":[{"href":"https:\/\/topbemanning.no\/index.php\/wp-json\/wp\/v2\/media?parent=22"}],"curies":[{"name":"wp","href":"https:\/\/api.w.org\/{rel}","templated":true}]}}