{"id":136,"date":"2024-09-25T19:57:20","date_gmt":"2024-09-25T19:57:20","guid":{"rendered":"https:\/\/topbemanning.no\/?page_id=136"},"modified":"2024-09-25T20:32:14","modified_gmt":"2024-09-25T20:32:14","slug":"lager-og-logistikk","status":"publish","type":"page","link":"https:\/\/topbemanning.no\/index.php\/lager-og-logistikk\/","title":{"rendered":"Lager og logistikk"},"content":{"rendered":"\n<figure class=\"wp-block-gallery has-nested-images columns-default is-cropped wp-block-gallery-4 is-layout-flex wp-block-gallery-is-layout-flex\">\n<figure class=\"wp-block-image size-large is-style-rounded is-style-rounded--1\"><img loading=\"lazy\" decoding=\"async\" width=\"557\" height=\"375\" data-id=\"157\" src=\"https:\/\/topbemanning.no\/wp-content\/uploads\/2024\/09\/b7ae156e-a2b8-4477-995d-362e27d13d00.jpg\" alt=\"\" class=\"wp-image-157\" srcset=\"https:\/\/topbemanning.no\/wp-content\/uploads\/2024\/09\/b7ae156e-a2b8-4477-995d-362e27d13d00.jpg 557w, https:\/\/topbemanning.no\/wp-content\/uploads\/2024\/09\/b7ae156e-a2b8-4477-995d-362e27d13d00-300x202.jpg 300w\" sizes=\"auto, (max-width: 557px) 100vw, 557px\" \/><\/figure>\n\n\n\n<figure class=\"wp-block-image size-large is-style-rounded is-style-rounded--2\"><img loading=\"lazy\" decoding=\"async\" width=\"540\" height=\"370\" data-id=\"159\" src=\"https:\/\/topbemanning.no\/wp-content\/uploads\/2024\/09\/b849aabe-b9bc-46d5-b863-ed26e63083b6.jpg\" alt=\"\" class=\"wp-image-159\" srcset=\"https:\/\/topbemanning.no\/wp-content\/uploads\/2024\/09\/b849aabe-b9bc-46d5-b863-ed26e63083b6.jpg 540w, https:\/\/topbemanning.no\/wp-content\/uploads\/2024\/09\/b849aabe-b9bc-46d5-b863-ed26e63083b6-300x206.jpg 300w\" sizes=\"auto, (max-width: 540px) 100vw, 540px\" \/><\/figure>\n\n\n\n<figure class=\"wp-block-image size-large is-style-rounded is-style-rounded--3\"><img loading=\"lazy\" decoding=\"async\" width=\"602\" height=\"392\" data-id=\"158\" src=\"https:\/\/topbemanning.no\/wp-content\/uploads\/2024\/09\/09dbf2e9-e196-4cf1-b30d-78905da90341.jpg\" alt=\"\" class=\"wp-image-158\" srcset=\"https:\/\/topbemanning.no\/wp-content\/uploads\/2024\/09\/09dbf2e9-e196-4cf1-b30d-78905da90341.jpg 602w, https:\/\/topbemanning.no\/wp-content\/uploads\/2024\/09\/09dbf2e9-e196-4cf1-b30d-78905da90341-300x195.jpg 300w\" sizes=\"auto, (max-width: 602px) 100vw, 602px\" \/><\/figure>\n<\/figure>\n\n\n\n<p>Logistikk, lager og transport er bransjer med varierende oppdragsmengde, og v\u00e5re l\u00f8sninger s\u00f8rger for at du f\u00e5r ekstra bemanning n\u00e5r behovet oppst\u00e5r. Med solid innsikt i bransjen kan vi tilby medarbeidere med riktig erfaring og n\u00f8dvendige sertifikater. <\/p>\n\n\n\n<p>Kontakt oss hvis du trenger kompetanse innen logistikk. Vi kan levere folk som har erfaring med varemottak og -kontroll, ordremottak og kundebehandling, truckkj\u00f8ring i alle klasser, vareopptelling, pakking, plukking, skanning av utg\u00e5ende varer og lasting.<\/p>\n","protected":false},"excerpt":{"rendered":"<p>Logistikk, lager og transport er bransjer med varierende oppdragsmengde, og v\u00e5re l\u00f8sninger s\u00f8rger for at du f\u00e5r ekstra bemanning n\u00e5r behovet oppst\u00e5r. Med solid innsikt i bransjen kan vi tilby medarbeidere med riktig erfaring og n\u00f8dvendige sertifikater. Kontakt oss hvis du trenger kompetanse innen logistikk. Vi kan levere folk som har erfaring med varemottak og [&hellip;]<\/p>\n","protected":false},"author":1,"featured_media":0,"parent":0,"menu_order":0,"comment_status":"closed","ping_status":"closed","template":"","meta":{"footnotes":""},"class_list":["post-136","page","type-page","status-publish","hentry"],"_links":{"self":[{"href":"https:\/\/topbemanning.no\/index.php\/wp-json\/wp\/v2\/pages\/136","targetHints":{"allow":["GET"]}}],"collection":[{"href":"https:\/\/topbemanning.no\/index.php\/wp-json\/wp\/v2\/pages"}],"about":[{"href":"https:\/\/topbemanning.no\/index.php\/wp-json\/wp\/v2\/types\/page"}],"author":[{"embeddable":true,"href":"https:\/\/topbemanning.no\/index.php\/wp-json\/wp\/v2\/users\/1"}],"replies":[{"embeddable":true,"href":"https:\/\/topbemanning.no\/index.php\/wp-json\/wp\/v2\/comments?post=136"}],"version-history":[{"count":3,"href":"https:\/\/topbemanning.no\/index.php\/wp-json\/wp\/v2\/pages\/136\/revisions"}],"predecessor-version":[{"id":160,"href":"https:\/\/topbemanning.no\/index.php\/wp-json\/wp\/v2\/pages\/136\/revisions\/160"}],"wp:attachment":[{"href":"https:\/\/topbemanning.no\/index.php\/wp-json\/wp\/v2\/media?parent=136"}],"curies":[{"name":"wp","href":"https:\/\/api.w.org\/{rel}","templated":true}]}}